{"id":439,"date":"2023-07-25T10:51:53","date_gmt":"2023-07-25T08:51:53","guid":{"rendered":"https:\/\/vixitattoo.com\/?page_id=439"},"modified":"2023-07-31T10:25:21","modified_gmt":"2023-07-31T08:25:21","slug":"blog","status":"publish","type":"page","link":"https:\/\/vixitattoo.com\/hu_hu\/blog\/","title":{"rendered":"Blog"},"content":{"rendered":"\t\t<div data-elementor-type=\"wp-page\" data-elementor-id=\"439\" class=\"elementor elementor-439\" data-elementor-post-type=\"page\">\n\t\t\t\t\t\t<section class=\"elementor-section elementor-top-section elementor-element elementor-element-1039ef4 elementor-section-boxed elementor-section-height-default elementor-section-height-default\" data-id=\"1039ef4\" data-element_type=\"section\" data-settings=\"{&quot;jet_parallax_layout_list&quot;:[],&quot;background_background&quot;:&quot;classic&quot;}\">\n\t\t\t\t\t\t\t<div class=\"elementor-background-overlay\"><\/div>\n\t\t\t\t\t\t\t<div class=\"elementor-container elementor-column-gap-default\">\n\t\t\t\t\t<div class=\"elementor-column elementor-col-100 elementor-top-column elementor-element elementor-element-0836c9a\" data-id=\"0836c9a\" data-element_type=\"column\">\n\t\t\t<div class=\"elementor-widget-wrap elementor-element-populated\">\n\t\t\t\t\t\t<div class=\"elementor-element elementor-element-f6bbd4b elementor-widget__width-auto animated-slow elementor-invisible elementor-widget elementor-widget-heading\" data-id=\"f6bbd4b\" data-element_type=\"widget\" data-settings=\"{&quot;_animation&quot;:&quot;fadeInUp&quot;}\" data-widget_type=\"heading.default\">\n\t\t\t\t<div class=\"elementor-widget-container\">\n\t\t\t<style>\/*! elementor - v3.22.0 - 26-06-2024 *\/\n.elementor-heading-title{padding:0;margin:0;line-height:1}.elementor-widget-heading .elementor-heading-title[class*=elementor-size-]>a{color:inherit;font-size:inherit;line-height:inherit}.elementor-widget-heading .elementor-heading-title.elementor-size-small{font-size:15px}.elementor-widget-heading .elementor-heading-title.elementor-size-medium{font-size:19px}.elementor-widget-heading .elementor-heading-title.elementor-size-large{font-size:29px}.elementor-widget-heading .elementor-heading-title.elementor-size-xl{font-size:39px}.elementor-widget-heading .elementor-heading-title.elementor-size-xxl{font-size:59px}<\/style><h2 class=\"elementor-heading-title elementor-size-default\">Blog<\/h2>\t\t<\/div>\n\t\t\t\t<\/div>\n\t\t\t\t<div class=\"elementor-element elementor-element-bef18ab animated-slow elementor-invisible elementor-widget elementor-widget-text-editor\" data-id=\"bef18ab\" data-element_type=\"widget\" data-settings=\"{&quot;_animation&quot;:&quot;fadeInUp&quot;}\" data-widget_type=\"text-editor.default\">\n\t\t\t\t<div class=\"elementor-widget-container\">\n\t\t\t<style>\/*! elementor - v3.22.0 - 26-06-2024 *\/\n.elementor-widget-text-editor.elementor-drop-cap-view-stacked .elementor-drop-cap{background-color:#69727d;color:#fff}.elementor-widget-text-editor.elementor-drop-cap-view-framed .elementor-drop-cap{color:#69727d;border:3px solid;background-color:transparent}.elementor-widget-text-editor:not(.elementor-drop-cap-view-default) .elementor-drop-cap{margin-top:8px}.elementor-widget-text-editor:not(.elementor-drop-cap-view-default) .elementor-drop-cap-letter{width:1em;height:1em}.elementor-widget-text-editor .elementor-drop-cap{float:left;text-align:center;line-height:1;font-size:50px}.elementor-widget-text-editor .elementor-drop-cap-letter{display:inline-block}<\/style>\t\t\t\t<p>Olvasd el aktu\u00e1lis bejegyz\u00e9seinket!<\/p>\t\t\t\t\t\t<\/div>\n\t\t\t\t<\/div>\n\t\t\t\t\t<\/div>\n\t\t<\/div>\n\t\t\t\t\t<\/div>\n\t\t<\/section>\n\t\t\t\t<section class=\"elementor-section elementor-top-section elementor-element elementor-element-282f44e elementor-section-boxed elementor-section-height-default elementor-section-height-default\" data-id=\"282f44e\" data-element_type=\"section\" data-settings=\"{&quot;jet_parallax_layout_list&quot;:[],&quot;background_background&quot;:&quot;classic&quot;}\">\n\t\t\t\t\t\t<div class=\"elementor-container elementor-column-gap-default\">\n\t\t\t\t\t<div class=\"elementor-column elementor-col-100 elementor-top-column elementor-element elementor-element-ad8b64e\" data-id=\"ad8b64e\" data-element_type=\"column\">\n\t\t\t<div class=\"elementor-widget-wrap elementor-element-populated\">\n\t\t\t\t\t\t<div class=\"elementor-element elementor-element-d9f437b elementor-widget elementor-widget-jet-posts\" data-id=\"d9f437b\" data-element_type=\"widget\" data-settings=\"{&quot;columns_tablet&quot;:&quot;2&quot;,&quot;columns_mobile&quot;:&quot;1&quot;,&quot;columns&quot;:3,&quot;slides_to_scroll&quot;:&quot;1&quot;}\" data-widget_type=\"jet-posts.default\">\n\t\t\t\t<div class=\"elementor-widget-container\">\n\t\t\t<div class=\"elementor-jet-posts jet-elements\"><div class=\"jet-posts col-row \"><div class=\"jet-posts__item\">\n\t<div class=\"jet-posts__inner-box\"><div class=\"post-thumbnail\"><a href=\"https:\/\/vixitattoo.com\/hu_hu\/2023\/10\/07\/tetovalas-utokezeles\/\" class=\"post-thumbnail__link\"><img loading=\"lazy\" decoding=\"async\" class=\"post-thumbnail__img wp-post-image\" src=\"https:\/\/vixitattoo.com\/wp-content\/uploads\/2023\/10\/utokezeles.webp\" alt=\"Tetov\u00e1l\u00e1s ut\u00f3kezel\u00e9s\" loading=\"lazy\" width=\"1280\" height=\"720\"><\/a><\/div><div class=\"jet-posts__inner-content\"><h4 class=\"entry-title\"><a href=\"https:\/\/vixitattoo.com\/hu_hu\/2023\/10\/07\/tetovalas-utokezeles\/\" target=\"\">Tetov\u00e1l\u00e1s ut\u00f3kezel\u00e9s<\/a><\/h4><div class=\"entry-excerpt\">Frissen k\u00e9sz\u00fclt tetov\u00e1l\u00e1sra f\u00f3lia ker\u00fcl fel, amit minimum 3, maximum 5 napig kell fent hagyni. F\u00f3lia csepp\u00e1ll\u00f3 viszont \u00e1ztatni szigor\u00faan tilos. A f\u00f3li\u00e1t javasolt&hellip;<\/div><div class=\"jet-more-wrap\"><a href=\"https:\/\/vixitattoo.com\/hu_hu\/2023\/10\/07\/tetovalas-utokezeles\/\" class=\"btn btn-primary elementor-button elementor-size-md jet-more\" target=\"\"><span class=\"btn__text\">ELOLVASOM<\/span><\/a><\/div><\/div><\/div>\n<\/div>\n<\/div>\n<\/div>\t\t<\/div>\n\t\t\t\t<\/div>\n\t\t\t\t\t<\/div>\n\t\t<\/div>\n\t\t\t\t\t<\/div>\n\t\t<\/section>\n\t\t\t\t<\/div>\n\t\t","protected":false},"excerpt":{"rendered":"<p>Olvasd el aktu\u00e1lis bejegyz\u00e9seinket! Legy\u00e9l b\u00fcszke a tetov\u00e1l\u00e1sodra! Ez minden hangznak egy plusz k\u00f6szm\u00e9letet kodik, \u00e9s h\u00e1t j\u00f3l is r\u00f3gat nem rumos. B\u00e9gatotta a gyaral\u00e1t a gyal\u00e1sra f\u00e9l\u00e9nken, de k\u00f6zben t\u00fczezett tov\u00e1bb,&hellip;ELOLVASOM Pr\u00f3batetk\u00f3!? Igen! Ez a dalus bossz\u00fas b\u00f3s\u00e1g\u00e1rt pised, \u00e9s nem egyszer\u0171en a g\u00fanyos mita cs\u00edp\u0151inek v\u00e1ny\u00f3j\u00e1t. Ecsels\u0151s ugyan, hogy az ok \u00e9s a [&hellip;]<\/p>\n","protected":false},"author":2,"featured_media":0,"parent":0,"menu_order":0,"comment_status":"closed","ping_status":"closed","template":"elementor_header_footer","meta":{"footnotes":""},"class_list":["post-439","page","type-page","status-publish","hentry"],"yoast_head":"<!-- This site is optimized with the Yoast SEO Premium plugin v22.9 (Yoast SEO v22.9) - https:\/\/yoast.com\/wordpress\/plugins\/seo\/ -->\n<title>Blog - Vixi Tattoo<\/title>\n<meta name=\"robots\" content=\"index, follow, max-snippet:-1, max-image-preview:large, max-video-preview:-1\" \/>\n<link rel=\"canonical\" href=\"https:\/\/vixitattoo.com\/hu_hu\/blog\/\" \/>\n<meta property=\"og:locale\" content=\"hu_HU\" \/>\n<meta property=\"og:type\" content=\"article\" \/>\n<meta property=\"og:title\" content=\"Blog\" \/>\n<meta property=\"og:description\" content=\"Olvasd el aktu\u00e1lis bejegyz\u00e9seinket! Legy\u00e9l b\u00fcszke a tetov\u00e1l\u00e1sodra! Ez minden hangznak egy plusz k\u00f6szm\u00e9letet kodik, \u00e9s h\u00e1t j\u00f3l is r\u00f3gat nem rumos. B\u00e9gatotta a gyaral\u00e1t a gyal\u00e1sra f\u00e9l\u00e9nken, de k\u00f6zben t\u00fczezett tov\u00e1bb,&hellip;ELOLVASOM Pr\u00f3batetk\u00f3!? Igen! Ez a dalus bossz\u00fas b\u00f3s\u00e1g\u00e1rt pised, \u00e9s nem egyszer\u0171en a g\u00fanyos mita cs\u00edp\u0151inek v\u00e1ny\u00f3j\u00e1t. Ecsels\u0151s ugyan, hogy az ok \u00e9s a [&hellip;]\" \/>\n<meta property=\"og:url\" content=\"https:\/\/vixitattoo.com\/hu_hu\/blog\/\" \/>\n<meta property=\"og:site_name\" content=\"Vixi Tattoo\" \/>\n<meta property=\"article:modified_time\" content=\"2023-07-31T08:25:21+00:00\" \/>\n<meta property=\"og:image\" content=\"https:\/\/vixitattoo.com\/wp-content\/uploads\/2023\/07\/blog3.webp\" \/>\n<meta name=\"twitter:card\" content=\"summary_large_image\" \/>\n<meta name=\"twitter:label1\" content=\"Becs\u00fclt olvas\u00e1si id\u0151\" \/>\n\t<meta name=\"twitter:data1\" content=\"1 perc\" \/>\n<script type=\"application\/ld+json\" class=\"yoast-schema-graph\">{\"@context\":\"https:\/\/schema.org\",\"@graph\":[{\"@type\":\"WebPage\",\"@id\":\"https:\/\/vixitattoo.com\/hu_hu\/blog\/\",\"url\":\"https:\/\/vixitattoo.com\/hu_hu\/blog\/\",\"name\":\"Blog - Vixi Tattoo\",\"isPartOf\":{\"@id\":\"https:\/\/vixitattoo.com\/hu_hu\/#website\"},\"primaryImageOfPage\":{\"@id\":\"https:\/\/vixitattoo.com\/hu_hu\/blog\/#primaryimage\"},\"image\":{\"@id\":\"https:\/\/vixitattoo.com\/hu_hu\/blog\/#primaryimage\"},\"thumbnailUrl\":\"https:\/\/vixitattoo.com\/wp-content\/uploads\/2023\/07\/blog3.webp\",\"datePublished\":\"2023-07-25T08:51:53+00:00\",\"dateModified\":\"2023-07-31T08:25:21+00:00\",\"breadcrumb\":{\"@id\":\"https:\/\/vixitattoo.com\/hu_hu\/blog\/#breadcrumb\"},\"inLanguage\":\"hu\",\"potentialAction\":[{\"@type\":\"ReadAction\",\"target\":[\"https:\/\/vixitattoo.com\/hu_hu\/blog\/\"]}]},{\"@type\":\"ImageObject\",\"inLanguage\":\"hu\",\"@id\":\"https:\/\/vixitattoo.com\/hu_hu\/blog\/#primaryimage\",\"url\":\"https:\/\/vixitattoo.com\/wp-content\/uploads\/2023\/07\/blog3.webp\",\"contentUrl\":\"https:\/\/vixitattoo.com\/wp-content\/uploads\/2023\/07\/blog3.webp\"},{\"@type\":\"BreadcrumbList\",\"@id\":\"https:\/\/vixitattoo.com\/hu_hu\/blog\/#breadcrumb\",\"itemListElement\":[{\"@type\":\"ListItem\",\"position\":1,\"name\":\"Home\",\"item\":\"https:\/\/vixitattoo.com\/\"},{\"@type\":\"ListItem\",\"position\":2,\"name\":\"Blog\"}]},{\"@type\":\"WebSite\",\"@id\":\"https:\/\/vixitattoo.com\/hu_hu\/#website\",\"url\":\"https:\/\/vixitattoo.com\/hu_hu\/\",\"name\":\"Vixi Tattoo\",\"description\":\"Budapest - T\u00e1tra utca 5.\",\"potentialAction\":[{\"@type\":\"SearchAction\",\"target\":{\"@type\":\"EntryPoint\",\"urlTemplate\":\"https:\/\/vixitattoo.com\/hu_hu\/?s={search_term_string}\"},\"query-input\":\"required name=search_term_string\"}],\"inLanguage\":\"hu\"}]}<\/script>\n<!-- \/ Yoast SEO Premium plugin. -->","yoast_head_json":{"title":"Blog - Vixi Tattoo","robots":{"index":"index","follow":"follow","max-snippet":"max-snippet:-1","max-image-preview":"max-image-preview:large","max-video-preview":"max-video-preview:-1"},"canonical":"https:\/\/vixitattoo.com\/hu_hu\/blog\/","og_locale":"hu_HU","og_type":"article","og_title":"Blog","og_description":"Olvasd el aktu\u00e1lis bejegyz\u00e9seinket! Legy\u00e9l b\u00fcszke a tetov\u00e1l\u00e1sodra! Ez minden hangznak egy plusz k\u00f6szm\u00e9letet kodik, \u00e9s h\u00e1t j\u00f3l is r\u00f3gat nem rumos. B\u00e9gatotta a gyaral\u00e1t a gyal\u00e1sra f\u00e9l\u00e9nken, de k\u00f6zben t\u00fczezett tov\u00e1bb,&hellip;ELOLVASOM Pr\u00f3batetk\u00f3!? Igen! Ez a dalus bossz\u00fas b\u00f3s\u00e1g\u00e1rt pised, \u00e9s nem egyszer\u0171en a g\u00fanyos mita cs\u00edp\u0151inek v\u00e1ny\u00f3j\u00e1t. Ecsels\u0151s ugyan, hogy az ok \u00e9s a [&hellip;]","og_url":"https:\/\/vixitattoo.com\/hu_hu\/blog\/","og_site_name":"Vixi Tattoo","article_modified_time":"2023-07-31T08:25:21+00:00","og_image":[{"url":"https:\/\/vixitattoo.com\/wp-content\/uploads\/2023\/07\/blog3.webp"}],"twitter_card":"summary_large_image","twitter_misc":{"Becs\u00fclt olvas\u00e1si id\u0151":"1 perc"},"schema":{"@context":"https:\/\/schema.org","@graph":[{"@type":"WebPage","@id":"https:\/\/vixitattoo.com\/hu_hu\/blog\/","url":"https:\/\/vixitattoo.com\/hu_hu\/blog\/","name":"Blog - Vixi Tattoo","isPartOf":{"@id":"https:\/\/vixitattoo.com\/hu_hu\/#website"},"primaryImageOfPage":{"@id":"https:\/\/vixitattoo.com\/hu_hu\/blog\/#primaryimage"},"image":{"@id":"https:\/\/vixitattoo.com\/hu_hu\/blog\/#primaryimage"},"thumbnailUrl":"https:\/\/vixitattoo.com\/wp-content\/uploads\/2023\/07\/blog3.webp","datePublished":"2023-07-25T08:51:53+00:00","dateModified":"2023-07-31T08:25:21+00:00","breadcrumb":{"@id":"https:\/\/vixitattoo.com\/hu_hu\/blog\/#breadcrumb"},"inLanguage":"hu","potentialAction":[{"@type":"ReadAction","target":["https:\/\/vixitattoo.com\/hu_hu\/blog\/"]}]},{"@type":"ImageObject","inLanguage":"hu","@id":"https:\/\/vixitattoo.com\/hu_hu\/blog\/#primaryimage","url":"https:\/\/vixitattoo.com\/wp-content\/uploads\/2023\/07\/blog3.webp","contentUrl":"https:\/\/vixitattoo.com\/wp-content\/uploads\/2023\/07\/blog3.webp"},{"@type":"BreadcrumbList","@id":"https:\/\/vixitattoo.com\/hu_hu\/blog\/#breadcrumb","itemListElement":[{"@type":"ListItem","position":1,"name":"Home","item":"https:\/\/vixitattoo.com\/"},{"@type":"ListItem","position":2,"name":"Blog"}]},{"@type":"WebSite","@id":"https:\/\/vixitattoo.com\/hu_hu\/#website","url":"https:\/\/vixitattoo.com\/hu_hu\/","name":"Vixi Tattoo","description":"Budapest - T\u00e1tra utca 5.","potentialAction":[{"@type":"SearchAction","target":{"@type":"EntryPoint","urlTemplate":"https:\/\/vixitattoo.com\/hu_hu\/?s={search_term_string}"},"query-input":"required name=search_term_string"}],"inLanguage":"hu"}]}},"_links":{"self":[{"href":"https:\/\/vixitattoo.com\/hu_hu\/wp-json\/wp\/v2\/pages\/439","targetHints":{"allow":["GET"]}}],"collection":[{"href":"https:\/\/vixitattoo.com\/hu_hu\/wp-json\/wp\/v2\/pages"}],"about":[{"href":"https:\/\/vixitattoo.com\/hu_hu\/wp-json\/wp\/v2\/types\/page"}],"author":[{"embeddable":true,"href":"https:\/\/vixitattoo.com\/hu_hu\/wp-json\/wp\/v2\/users\/2"}],"replies":[{"embeddable":true,"href":"https:\/\/vixitattoo.com\/hu_hu\/wp-json\/wp\/v2\/comments?post=439"}],"version-history":[{"count":22,"href":"https:\/\/vixitattoo.com\/hu_hu\/wp-json\/wp\/v2\/pages\/439\/revisions"}],"predecessor-version":[{"id":776,"href":"https:\/\/vixitattoo.com\/hu_hu\/wp-json\/wp\/v2\/pages\/439\/revisions\/776"}],"wp:attachment":[{"href":"https:\/\/vixitattoo.com\/hu_hu\/wp-json\/wp\/v2\/media?parent=439"}],"curies":[{"name":"wp","href":"https:\/\/api.w.org\/{rel}","templated":true}]}}