{"id":28,"date":"2023-07-18T08:57:11","date_gmt":"2023-07-18T06:57:11","guid":{"rendered":"https:\/\/vixitattoo.com\/?page_id=28"},"modified":"2026-04-11T01:00:23","modified_gmt":"2026-04-10T23:00:23","slug":"idopontfoglalas","status":"publish","type":"page","link":"https:\/\/vixitattoo.com\/en\/idopontfoglalas\/","title":{"rendered":"Booking"},"content":{"rendered":"<div data-elementor-type=\"wp-page\" data-elementor-id=\"28\" class=\"elementor elementor-28\" data-elementor-post-type=\"page\">\n\t\t\t\t\t\t<section class=\"elementor-section elementor-top-section elementor-element elementor-element-0d133ed elementor-section-boxed elementor-section-height-default elementor-section-height-default\" data-id=\"0d133ed\" data-element_type=\"section\" data-settings=\"{&quot;jet_parallax_layout_list&quot;:[],&quot;background_background&quot;:&quot;classic&quot;}\">\n\t\t\t\t\t\t\t<div class=\"elementor-background-overlay\"><\/div>\n\t\t\t\t\t\t\t<div class=\"elementor-container elementor-column-gap-default\">\n\t\t\t\t\t<div class=\"elementor-column elementor-col-100 elementor-top-column elementor-element elementor-element-a1a4b81\" data-id=\"a1a4b81\" data-element_type=\"column\">\n\t\t\t<div class=\"elementor-widget-wrap elementor-element-populated\">\n\t\t\t\t\t\t<div class=\"elementor-element elementor-element-5bb6fd1 elementor-widget__width-auto animated-slow elementor-invisible elementor-widget elementor-widget-heading\" data-id=\"5bb6fd1\" data-element_type=\"widget\" data-settings=\"{&quot;_animation&quot;:&quot;fadeInUp&quot;}\" data-widget_type=\"heading.default\">\n\t\t\t\t<div class=\"elementor-widget-container\">\n\t\t\t<style>\/*! elementor - v3.22.0 - 26-06-2024 *\/\n.elementor-heading-title{padding:0;margin:0;line-height:1}.elementor-widget-heading .elementor-heading-title[class*=elementor-size-]>a{color:inherit;font-size:inherit;line-height:inherit}.elementor-widget-heading .elementor-heading-title.elementor-size-small{font-size:15px}.elementor-widget-heading .elementor-heading-title.elementor-size-medium{font-size:19px}.elementor-widget-heading .elementor-heading-title.elementor-size-large{font-size:29px}.elementor-widget-heading .elementor-heading-title.elementor-size-xl{font-size:39px}.elementor-widget-heading .elementor-heading-title.elementor-size-xxl{font-size:59px}<\/style><h2 class=\"elementor-heading-title elementor-size-default\">Booking<\/h2>\t\t<\/div>\n\t\t\t\t<\/div>\n\t\t\t\t<div class=\"elementor-element elementor-element-42d0be7 animated-slow elementor-invisible elementor-widget elementor-widget-text-editor\" data-id=\"42d0be7\" data-element_type=\"widget\" data-settings=\"{&quot;_animation&quot;:&quot;fadeInUp&quot;}\" data-widget_type=\"text-editor.default\">\n\t\t\t\t<div class=\"elementor-widget-container\">\n\t\t\t<style>\/*! elementor - v3.22.0 - 26-06-2024 *\/\n.elementor-widget-text-editor.elementor-drop-cap-view-stacked .elementor-drop-cap{background-color:#69727d;color:#fff}.elementor-widget-text-editor.elementor-drop-cap-view-framed .elementor-drop-cap{color:#69727d;border:3px solid;background-color:transparent}.elementor-widget-text-editor:not(.elementor-drop-cap-view-default) .elementor-drop-cap{margin-top:8px}.elementor-widget-text-editor:not(.elementor-drop-cap-view-default) .elementor-drop-cap-letter{width:1em;height:1em}.elementor-widget-text-editor .elementor-drop-cap{float:left;text-align:center;line-height:1;font-size:50px}.elementor-widget-text-editor .elementor-drop-cap-letter{display:inline-block}<\/style>\t\t\t\t<p>Reserve your place<\/p>\t\t\t\t\t\t<\/div>\n\t\t\t\t<\/div>\n\t\t\t\t\t<\/div>\n\t\t<\/div>\n\t\t\t\t\t<\/div>\n\t\t<\/section>\n\t\t\t\t<section class=\"elementor-section elementor-top-section elementor-element elementor-element-bc8273c elementor-section-boxed elementor-section-height-default elementor-section-height-default\" data-id=\"bc8273c\" data-element_type=\"section\" data-settings=\"{&quot;jet_parallax_layout_list&quot;:[],&quot;background_background&quot;:&quot;classic&quot;}\">\n\t\t\t\t\t\t\t<div class=\"elementor-background-overlay\"><\/div>\n\t\t\t\t\t\t\t<div class=\"elementor-container elementor-column-gap-default\">\n\t\t\t\t\t<div class=\"elementor-column elementor-col-100 elementor-top-column elementor-element elementor-element-35ade9a\" data-id=\"35ade9a\" data-element_type=\"column\">\n\t\t\t<div class=\"elementor-widget-wrap elementor-element-populated\">\n\t\t\t\t\t\t<div class=\"elementor-element elementor-element-d065771 elementor-widget__width-auto animated-slow elementor-invisible elementor-widget elementor-widget-heading\" data-id=\"d065771\" data-element_type=\"widget\" data-settings=\"{&quot;_animation&quot;:&quot;fadeInUp&quot;}\" data-widget_type=\"heading.default\">\n\t\t\t\t<div class=\"elementor-widget-container\">\n\t\t\t<h2 class=\"elementor-heading-title elementor-size-default\">Mi t\u00f6rt\u00e9nik az <font color=\"#F0990F\">id\u0151pont lefoglal\u00e1sa sor\u00e1n?<\/font><\/h2>\t\t<\/div>\n\t\t\t\t<\/div>\n\t\t\t\t<div class=\"elementor-element elementor-element-4313028 animated-slow elementor-invisible elementor-widget elementor-widget-text-editor\" data-id=\"4313028\" data-element_type=\"widget\" data-settings=\"{&quot;_animation&quot;:&quot;fadeInLeft&quot;}\" data-widget_type=\"text-editor.default\">\n\t\t\t\t<div class=\"elementor-widget-container\">\n\t\t\t\t\t\t\t<p>Sz\u00e1momra nagyon fontos, hogy felk\u00e9sz\u00fclten v\u00e1rhassalak T\u00e9ged, ez\u00e9rt a foglal\u00e1s sor\u00e1n 1-2 inform\u00e1ci\u00f3ra sz\u00fcks\u00e9gem lesz majd t\u0151led.<\/p>\n<p><span style=\"font-size: xx-large;\"><strong>Foglal\u00e1s menete:<\/strong><\/span><\/p>\n<p>1. V\u00e1lassz id\u0151pontot, ami neked k\u00e9nyelmes. <img decoding=\"async\" draggable=\"false\" role=\"img\" class=\"emoji\" alt=\"\ud83d\udcc5\" src=\"https:\/\/s.w.org\/images\/core\/emoji\/17.0.2\/svg\/1f4c5.svg\"><img decoding=\"async\" draggable=\"false\" role=\"img\" class=\"emoji\" alt=\"\u2728\" src=\"https:\/\/s.w.org\/images\/core\/emoji\/17.0.2\/svg\/2728.svg\"><\/p>\n<p>2. Szem\u00e9lyre szabott kapcsolatfelv\u00e9tel: telefonon vagy e-mailben egyeztetek veled minden r\u00e9szletet. <img decoding=\"async\" draggable=\"false\" role=\"img\" class=\"emoji\" alt=\"\ud83d\udcde\" src=\"https:\/\/s.w.org\/images\/core\/emoji\/17.0.2\/svg\/1f4de.svg\"><img decoding=\"async\" draggable=\"false\" role=\"img\" class=\"emoji\" alt=\"\ud83d\udcac\" src=\"https:\/\/s.w.org\/images\/core\/emoji\/17.0.2\/svg\/1f4ac.svg\"><\/p>\n<p>3. \u00c1raj\u00e1nlatot adok neked. <img decoding=\"async\" draggable=\"false\" role=\"img\" class=\"emoji\" alt=\"\ud83d\udcbc\" src=\"https:\/\/s.w.org\/images\/core\/emoji\/17.0.2\/svg\/1f4bc.svg\"><img decoding=\"async\" draggable=\"false\" role=\"img\" class=\"emoji\" alt=\"\ud83d\udcc4\" src=\"https:\/\/s.w.org\/images\/core\/emoji\/17.0.2\/svg\/1f4c4.svg\"><\/p>\n<p>4. \u00c1raj\u00e1nlat elfogad\u00e1sa ut\u00e1n 10 000 Ft-os foglal\u00f3val biztos\u00edtod az id\u0151pontod (ez a tetov\u00e1l\u00e1s \u00e1r\u00e1b\u00f3l levon\u00e1sra ker\u00fcl). <img decoding=\"async\" draggable=\"false\" role=\"img\" class=\"emoji\" alt=\"\ud83d\udcb3\" src=\"https:\/\/s.w.org\/images\/core\/emoji\/17.0.2\/svg\/1f4b3.svg\"><img decoding=\"async\" draggable=\"false\" role=\"img\" class=\"emoji\" alt=\"\ud83d\udcb0\" src=\"https:\/\/s.w.org\/images\/core\/emoji\/17.0.2\/svg\/1f4b0.svg\"><\/p>\n<p>5. Id\u0151pontod napj\u00e1n megalkotom azt a k\u00fcl\u00f6nleges tetov\u00e1l\u00e1st, amely \u00f6r\u00f6kre az eml\u00e9keid r\u00e9sz\u00e9v\u00e9 v\u00e1lik. <img decoding=\"async\" draggable=\"false\" role=\"img\" class=\"emoji\" alt=\"\ud83c\udfa8\" src=\"https:\/\/s.w.org\/images\/core\/emoji\/17.0.2\/svg\/1f3a8.svg\"><img decoding=\"async\" draggable=\"false\" role=\"img\" class=\"emoji\" alt=\"\u2764\ufe0f\" src=\"https:\/\/s.w.org\/images\/core\/emoji\/17.0.2\/svg\/2764.svg\"><\/p>\n<p>Ha b\u00e1rmiben elakadn\u00e1l, b\u00e1tran keress telefonon, vagy e-mailben \u00e9s \u00f6r\u00f6mmel seg\u00edtek!<\/p>\t\t\t\t\t\t<\/div>\n\t\t\t\t<\/div>\n\t\t\t\t<div class=\"elementor-element elementor-element-336faae elementor-widget elementor-widget-stepbooking\" data-id=\"336faae\" data-element_type=\"widget\" data-widget_type=\"stepbooking.default\">\n\t\t\t\t<div class=\"elementor-widget-container\">\n\t\t\t\n<script>\n  if (typeof hasAmeliaEntitiesApiCall === 'undefined' && '' === '') {\n    var hasAmeliaEntitiesApiCall = true;\n  }\n  var ameliaShortcodeData = (typeof ameliaShortcodeData === 'undefined') ? [] : ameliaShortcodeData;\n  ameliaShortcodeData.push(\n    {\n      'hasApiCall': (typeof hasAmeliaEntitiesApiCall !== 'undefined') && hasAmeliaEntitiesApiCall,\n      'trigger': '',\n      'trigger_type': '',\n      'triggered_form': 'sbsNew',\n      'in_dialog': '',\n      'show': '',\n      'counter': '1000',\n      'category': '',\n      'service': '',\n      'employee': '',\n      'location': '',\n      'package': ''\n    }\n  );\n\n  var ameliaShortcodeDataTriggered = (typeof ameliaShortcodeDataTriggered === 'undefined') ? [] : ameliaShortcodeDataTriggered;\n  if (ameliaShortcodeData[ameliaShortcodeData.length - 1].trigger !== '') {\n    if (ameliaShortcodeDataTriggered.filter(a => a.counter === ameliaShortcodeData[ameliaShortcodeData.length - 1].counter).length === 0) {\n      ameliaShortcodeDataTriggered.push(ameliaShortcodeData.pop());\n    } else {\n      ameliaShortcodeData.pop()\n    }\n  }\n  if (typeof hasAmeliaEntitiesApiCall !== 'undefined' && hasAmeliaEntitiesApiCall) {\n    hasAmeliaEntitiesApiCall = false;\n  }\n<\/script>\n\n<div\n  id=\"amelia-v2-booking-1000\"\n  class=\"amelia-v2-booking\"\n >\n    <step-form-wrapper><\/step-form-wrapper><\/div>\n\t\t<\/div>\n\t\t\t\t<\/div>\n\t\t\t\t\t<\/div>\n\t\t<\/div>\n\t\t\t\t\t<\/div>\n\t\t<\/section>\n\t\t\t\t<\/div>","protected":false},"excerpt":{"rendered":"<p>Foglald le a helyed n\u00e1lunk! Mi t\u00f6rt\u00e9nik az id\u0151pont lefoglal\u00e1sa sor\u00e1n? Sz\u00e1momra nagyon fontos, hogy felk\u00e9sz\u00fclten v\u00e1rhassalak T\u00e9ged, ez\u00e9rt a foglal\u00e1s sor\u00e1n 1-2 inform\u00e1ci\u00f3ra sz\u00fcks\u00e9gem lesz majd t\u0151led. Foglal\u00e1s menete: 1. V\u00e1lassz id\u0151pontot, ami neked k\u00e9nyelmes. 2. Szem\u00e9lyre szabott kapcsolatfelv\u00e9tel: telefonon vagy e-mailben egyeztetek veled minden r\u00e9szletet. 3. \u00c1raj\u00e1nlatot adok neked. 4. \u00c1raj\u00e1nlat elfogad\u00e1sa ut\u00e1n [&hellip;]<\/p>","protected":false},"author":2,"featured_media":0,"parent":0,"menu_order":0,"comment_status":"closed","ping_status":"closed","template":"elementor_header_footer","meta":{"footnotes":""},"class_list":["post-28","page","type-page","status-publish","hentry"],"yoast_head":"<!-- This site is optimized with the Yoast SEO Premium plugin v22.9 (Yoast SEO v22.9) - https:\/\/yoast.com\/wordpress\/plugins\/seo\/ -->\n<title>Id\u0151pontfoglal\u00e1s - Vixi Tattoo<\/title>\n<meta name=\"robots\" content=\"index, follow, max-snippet:-1, max-image-preview:large, max-video-preview:-1\" \/>\n<link rel=\"canonical\" href=\"https:\/\/vixitattoo.com\/en\/idopontfoglalas\/\" \/>\n<meta property=\"og:locale\" content=\"en_US\" \/>\n<meta property=\"og:type\" content=\"article\" \/>\n<meta property=\"og:title\" content=\"Id\u0151pontfoglal\u00e1s\" \/>\n<meta property=\"og:description\" content=\"Foglald le a helyed n\u00e1lunk! Mi t\u00f6rt\u00e9nik az id\u0151pont lefoglal\u00e1sa sor\u00e1n? Sz\u00e1momra nagyon fontos, hogy felk\u00e9sz\u00fclten v\u00e1rhassalak T\u00e9ged, ez\u00e9rt a foglal\u00e1s sor\u00e1n 1-2 inform\u00e1ci\u00f3ra sz\u00fcks\u00e9gem lesz majd t\u0151led. Foglal\u00e1s menete: 1. V\u00e1lassz id\u0151pontot, ami neked k\u00e9nyelmes. 2. Szem\u00e9lyre szabott kapcsolatfelv\u00e9tel: telefonon vagy e-mailben egyeztetek veled minden r\u00e9szletet. 3. \u00c1raj\u00e1nlatot adok neked. 4. \u00c1raj\u00e1nlat elfogad\u00e1sa ut\u00e1n [&hellip;]\" \/>\n<meta property=\"og:url\" content=\"https:\/\/vixitattoo.com\/en\/idopontfoglalas\/\" \/>\n<meta property=\"og:site_name\" content=\"Vixi Tattoo\" \/>\n<meta property=\"article:modified_time\" content=\"2026-04-10T23:00:23+00:00\" \/>\n<meta property=\"og:image\" content=\"https:\/\/s.w.org\/images\/core\/emoji\/17.0.2\/svg\/1f4c5.svg\" \/>\n<meta name=\"twitter:card\" content=\"summary_large_image\" \/>\n<meta name=\"twitter:label1\" content=\"Est. reading time\" \/>\n\t<meta name=\"twitter:data1\" content=\"3 minutes\" \/>\n<script type=\"application\/ld+json\" class=\"yoast-schema-graph\">{\"@context\":\"https:\/\/schema.org\",\"@graph\":[{\"@type\":\"WebPage\",\"@id\":\"https:\/\/vixitattoo.com\/idopontfoglalas\/\",\"url\":\"https:\/\/vixitattoo.com\/idopontfoglalas\/\",\"name\":\"Id\u0151pontfoglal\u00e1s - Vixi Tattoo\",\"isPartOf\":{\"@id\":\"https:\/\/vixitattoo.com\/hu_hu\/#website\"},\"primaryImageOfPage\":{\"@id\":\"https:\/\/vixitattoo.com\/idopontfoglalas\/#primaryimage\"},\"image\":{\"@id\":\"https:\/\/vixitattoo.com\/idopontfoglalas\/#primaryimage\"},\"thumbnailUrl\":\"https:\/\/s.w.org\/images\/core\/emoji\/17.0.2\/svg\/1f4c5.svg\",\"datePublished\":\"2023-07-18T06:57:11+00:00\",\"dateModified\":\"2026-04-10T23:00:23+00:00\",\"breadcrumb\":{\"@id\":\"https:\/\/vixitattoo.com\/idopontfoglalas\/#breadcrumb\"},\"inLanguage\":\"en-US\",\"potentialAction\":[{\"@type\":\"ReadAction\",\"target\":[\"https:\/\/vixitattoo.com\/idopontfoglalas\/\"]}]},{\"@type\":\"ImageObject\",\"inLanguage\":\"en-US\",\"@id\":\"https:\/\/vixitattoo.com\/idopontfoglalas\/#primaryimage\",\"url\":\"https:\/\/s.w.org\/images\/core\/emoji\/17.0.2\/svg\/1f4c5.svg\",\"contentUrl\":\"https:\/\/s.w.org\/images\/core\/emoji\/17.0.2\/svg\/1f4c5.svg\"},{\"@type\":\"BreadcrumbList\",\"@id\":\"https:\/\/vixitattoo.com\/idopontfoglalas\/#breadcrumb\",\"itemListElement\":[{\"@type\":\"ListItem\",\"position\":1,\"name\":\"Home\",\"item\":\"https:\/\/vixitattoo.com\/\"},{\"@type\":\"ListItem\",\"position\":2,\"name\":\"Id\u0151pontfoglal\u00e1s\"}]},{\"@type\":\"WebSite\",\"@id\":\"https:\/\/vixitattoo.com\/hu_hu\/#website\",\"url\":\"https:\/\/vixitattoo.com\/hu_hu\/\",\"name\":\"Vixi Tattoo\",\"description\":\"Budapest - T\u00e1tra utca 5.\",\"potentialAction\":[{\"@type\":\"SearchAction\",\"target\":{\"@type\":\"EntryPoint\",\"urlTemplate\":\"https:\/\/vixitattoo.com\/hu_hu\/?s={search_term_string}\"},\"query-input\":\"required name=search_term_string\"}],\"inLanguage\":\"en-US\"}]}<\/script>\n<!-- \/ Yoast SEO Premium plugin. -->","yoast_head_json":{"title":"Id\u0151pontfoglal\u00e1s - Vixi Tattoo","robots":{"index":"index","follow":"follow","max-snippet":"max-snippet:-1","max-image-preview":"max-image-preview:large","max-video-preview":"max-video-preview:-1"},"canonical":"https:\/\/vixitattoo.com\/en\/idopontfoglalas\/","og_locale":"en_US","og_type":"article","og_title":"Id\u0151pontfoglal\u00e1s","og_description":"Foglald le a helyed n\u00e1lunk! Mi t\u00f6rt\u00e9nik az id\u0151pont lefoglal\u00e1sa sor\u00e1n? Sz\u00e1momra nagyon fontos, hogy felk\u00e9sz\u00fclten v\u00e1rhassalak T\u00e9ged, ez\u00e9rt a foglal\u00e1s sor\u00e1n 1-2 inform\u00e1ci\u00f3ra sz\u00fcks\u00e9gem lesz majd t\u0151led. Foglal\u00e1s menete: 1. V\u00e1lassz id\u0151pontot, ami neked k\u00e9nyelmes. 2. Szem\u00e9lyre szabott kapcsolatfelv\u00e9tel: telefonon vagy e-mailben egyeztetek veled minden r\u00e9szletet. 3. \u00c1raj\u00e1nlatot adok neked. 4. \u00c1raj\u00e1nlat elfogad\u00e1sa ut\u00e1n [&hellip;]","og_url":"https:\/\/vixitattoo.com\/en\/idopontfoglalas\/","og_site_name":"Vixi Tattoo","article_modified_time":"2026-04-10T23:00:23+00:00","og_image":[{"url":"https:\/\/s.w.org\/images\/core\/emoji\/17.0.2\/svg\/1f4c5.svg"}],"twitter_card":"summary_large_image","twitter_misc":{"Est. reading time":"3 minutes"},"schema":{"@context":"https:\/\/schema.org","@graph":[{"@type":"WebPage","@id":"https:\/\/vixitattoo.com\/idopontfoglalas\/","url":"https:\/\/vixitattoo.com\/idopontfoglalas\/","name":"Id\u0151pontfoglal\u00e1s - Vixi Tattoo","isPartOf":{"@id":"https:\/\/vixitattoo.com\/hu_hu\/#website"},"primaryImageOfPage":{"@id":"https:\/\/vixitattoo.com\/idopontfoglalas\/#primaryimage"},"image":{"@id":"https:\/\/vixitattoo.com\/idopontfoglalas\/#primaryimage"},"thumbnailUrl":"https:\/\/s.w.org\/images\/core\/emoji\/17.0.2\/svg\/1f4c5.svg","datePublished":"2023-07-18T06:57:11+00:00","dateModified":"2026-04-10T23:00:23+00:00","breadcrumb":{"@id":"https:\/\/vixitattoo.com\/idopontfoglalas\/#breadcrumb"},"inLanguage":"en-US","potentialAction":[{"@type":"ReadAction","target":["https:\/\/vixitattoo.com\/idopontfoglalas\/"]}]},{"@type":"ImageObject","inLanguage":"en-US","@id":"https:\/\/vixitattoo.com\/idopontfoglalas\/#primaryimage","url":"https:\/\/s.w.org\/images\/core\/emoji\/17.0.2\/svg\/1f4c5.svg","contentUrl":"https:\/\/s.w.org\/images\/core\/emoji\/17.0.2\/svg\/1f4c5.svg"},{"@type":"BreadcrumbList","@id":"https:\/\/vixitattoo.com\/idopontfoglalas\/#breadcrumb","itemListElement":[{"@type":"ListItem","position":1,"name":"Home","item":"https:\/\/vixitattoo.com\/"},{"@type":"ListItem","position":2,"name":"Id\u0151pontfoglal\u00e1s"}]},{"@type":"WebSite","@id":"https:\/\/vixitattoo.com\/hu_hu\/#website","url":"https:\/\/vixitattoo.com\/hu_hu\/","name":"Vixi Tattoo","description":"Budapest - T\u00e1tra utca 5.","potentialAction":[{"@type":"SearchAction","target":{"@type":"EntryPoint","urlTemplate":"https:\/\/vixitattoo.com\/hu_hu\/?s={search_term_string}"},"query-input":"required name=search_term_string"}],"inLanguage":"en-US"}]}},"_links":{"self":[{"href":"https:\/\/vixitattoo.com\/en\/wp-json\/wp\/v2\/pages\/28","targetHints":{"allow":["GET"]}}],"collection":[{"href":"https:\/\/vixitattoo.com\/en\/wp-json\/wp\/v2\/pages"}],"about":[{"href":"https:\/\/vixitattoo.com\/en\/wp-json\/wp\/v2\/types\/page"}],"author":[{"embeddable":true,"href":"https:\/\/vixitattoo.com\/en\/wp-json\/wp\/v2\/users\/2"}],"replies":[{"embeddable":true,"href":"https:\/\/vixitattoo.com\/en\/wp-json\/wp\/v2\/comments?post=28"}],"version-history":[{"count":91,"href":"https:\/\/vixitattoo.com\/en\/wp-json\/wp\/v2\/pages\/28\/revisions"}],"predecessor-version":[{"id":1136,"href":"https:\/\/vixitattoo.com\/en\/wp-json\/wp\/v2\/pages\/28\/revisions\/1136"}],"wp:attachment":[{"href":"https:\/\/vixitattoo.com\/en\/wp-json\/wp\/v2\/media?parent=28"}],"curies":[{"name":"wp","href":"https:\/\/api.w.org\/{rel}","templated":true}]}}